{"id":1026,"date":"2008-10-28T19:02:54","date_gmt":"2008-10-29T00:02:54","guid":{"rendered":"http:\/\/www.marcbarriere.com\/?page_id=1026"},"modified":"2008-10-28T19:02:54","modified_gmt":"2008-10-29T00:02:54","slug":"echanges-avec-l%e2%80%99auteur-cles-pour-lire-lelephant","status":"publish","type":"page","link":"https:\/\/www.marcbarriere.com\/?page_id=1026","title":{"rendered":"\u00c9changes avec l\u2019auteur &#8211; Cl\u00e9s pour lire l&rsquo;\u00c9l\u00e9phant"},"content":{"rendered":"<p>La po\u00e9sie, d\u00e9finit wikipedia, \u00a0est un art du langage qui fait une utilisation  maximale des ressources de la langue\u00a0: le travail sur la forme d\u00e9multiplie la  puissance de la signification.<\/p>\n<p>La po\u00e9sie  c&rsquo;est l&rsquo;interpr\u00e9tation du monde par l&rsquo;auteur?<\/p>\n<p>&#8211; \u00ab\u00a0<em>Ce sont les impressions que j&rsquo;ai de la vie  dans ce que je ressens<\/em>\u00ab\u00a0.<\/p>\n<p>Puis-je  dire que dans un r\u00e9cit l&rsquo;auteur nous raconte une histoire alors que dans une  \u0153uvre po\u00e9tique l&rsquo;auteur nous communique une \u00e9motion?<\/p>\n<p>&#8211;  \u00ab\u00a0<em>certainement<\/em> \u00bb<\/p>\n<p>Il y a  diff\u00e9rent types de po\u00e9sies. En po\u00e9sie moderne, il y a aussi diff\u00e9rents  mouvements. Comment situer l&rsquo;\u00c9l\u00e9phant?<\/p>\n<p>&#8211; \u00ab\u00a0<em>L&rsquo;\u00c9l\u00e9phant est quelque chose d&rsquo;abstrait. De  m\u00eame que face \u00e0 un tableau abstrait on cherchera \u00e0 identifier ce que l&rsquo;\u0153uvre  produit chez soi\u00a0.<\/em><\/p>\n<p>On peut y  voir un oiseau ou un paysage mais est-on vraiment certain que c&rsquo;est bien cela  que l&rsquo;auteur a voulu?<\/p>\n<p><em>&#8211; \u00ab\u00a0L&rsquo;\u00c9l\u00e9phant c&rsquo;est une menace  polymorphe<\/em>.\u00a0\u00bb<\/p>\n<p>Repr\u00e9sente-t-il le Mal?<\/p>\n<p>&#8211;<em>\u00a0\u00bb Pas n\u00e9cessairement Le Mal mais ma  conception du mal. Un type de soci\u00e9t\u00e9 que je d\u00e9teste. Le trait de caract\u00e8re de  celui qui croit tout savoir, qui juge. Tu sais le gros imb\u00e9cile, rigide. La  soci\u00e9t\u00e9 des certitudes assur\u00e9es.\u00a0\u00bb<\/em><\/p>\n","protected":false},"excerpt":{"rendered":"<p>La po\u00e9sie, d\u00e9finit wikipedia, \u00a0est un art du langage qui fait une utilisation maximale des ressources de la langue\u00a0: le travail sur la forme d\u00e9multiplie la puissance de la signification. La po\u00e9sie c&rsquo;est l&rsquo;interpr\u00e9tation du monde par l&rsquo;auteur? &#8211; \u00ab\u00a0Ce sont les impressions que j&rsquo;ai de la vie dans ce que je ressens\u00ab\u00a0. Puis-je dire &hellip; <a href=\"https:\/\/www.marcbarriere.com\/?page_id=1026\" class=\"more-link\">Continuer la lecture<span class=\"screen-reader-text\"> de &laquo;&nbsp;\u00c9changes avec l\u2019auteur &#8211; Cl\u00e9s pour lire l&rsquo;\u00c9l\u00e9phant&nbsp;&raquo;<\/span><\/a><\/p>\n","protected":false},"author":1,"featured_media":0,"parent":1017,"menu_order":0,"comment_status":"open","ping_status":"closed","template":"","meta":{"ngg_post_thumbnail":0,"footnotes":""},"class_list":["post-1026","page","type-page","status-publish","hentry"],"_links":{"self":[{"href":"https:\/\/www.marcbarriere.com\/index.php?rest_route=\/wp\/v2\/pages\/1026","targetHints":{"allow":["GET"]}}],"collection":[{"href":"https:\/\/www.marcbarriere.com\/index.php?rest_route=\/wp\/v2\/pages"}],"about":[{"href":"https:\/\/www.marcbarriere.com\/index.php?rest_route=\/wp\/v2\/types\/page"}],"author":[{"embeddable":true,"href":"https:\/\/www.marcbarriere.com\/index.php?rest_route=\/wp\/v2\/users\/1"}],"replies":[{"embeddable":true,"href":"https:\/\/www.marcbarriere.com\/index.php?rest_route=%2Fwp%2Fv2%2Fcomments&post=1026"}],"version-history":[{"count":0,"href":"https:\/\/www.marcbarriere.com\/index.php?rest_route=\/wp\/v2\/pages\/1026\/revisions"}],"up":[{"embeddable":true,"href":"https:\/\/www.marcbarriere.com\/index.php?rest_route=\/wp\/v2\/pages\/1017"}],"wp:attachment":[{"href":"https:\/\/www.marcbarriere.com\/index.php?rest_route=%2Fwp%2Fv2%2Fmedia&parent=1026"}],"curies":[{"name":"wp","href":"https:\/\/api.w.org\/{rel}","templated":true}]}}