{"id":156,"date":"2006-06-27T22:21:33","date_gmt":"2006-06-28T03:21:33","guid":{"rendered":"http:\/\/www.barriere.info\/wordpress\/?page_id=156"},"modified":"2012-05-15T07:52:19","modified_gmt":"2012-05-15T12:52:19","slug":"7-fils-couleur-et-connecteurs","status":"publish","type":"page","link":"https:\/\/www.marcbarriere.com\/?page_id=156","title":{"rendered":"7- Fils, couleur et connecteurs"},"content":{"rendered":"<p>La Trillium vient avec un prise ronde \u00e0 sept fils. On peut acheter un adapteur pour connecter avec une prise standard \u00e0 quatre fils. <\/p>\n<p>Comme la prise ronde \u00e9tait d\u00e9fectueuse, j&rsquo;ai plut\u00f4t choisi de mettre une prise plate \u00e0 quatre fils. Mais encore faut-il conna\u00eetre les codes de couleurs car les fils de la Trillium n&rsquo;ont pas les m\u00eames couleurs que ceux du connecteur.<\/p>\n<p>Apr\u00e8s plusieurs essais et erreurs, j&rsquo;ai finalement consult\u00e9 un  sp\u00e9cialiste. Voici le r\u00e9sultat (qui fonctionne \u00e0 merveille).<\/p>\n<p><a href=\"http:\/\/www.marcbarriere.com\/wp-content\/photos\/PDR_3809.JPG\" title=\"PDR 3809\" target=\"_blank\"><img loading=\"lazy\" decoding=\"async\" src=\"http:\/\/www.marcbarriere.com\/wp-content\/photos\/petite_PDR_3809.JPG\" width=\"400\" height=\"300\" alt=\"PDR 3809\" class=\"centered\" \/><\/a><\/p>\n<p>Une photo valant mille mots&#8230; <\/p>\n<p><em>Sachez que le fil noir est celui qui sert \u00e0 alimenter le r\u00e9seau \u00e9lectrique 12 volts et peut \u00eatre connect\u00e9 directement. <\/em><\/p>\n","protected":false},"excerpt":{"rendered":"<p>La Trillium vient avec un prise ronde \u00e0 sept fils. On peut acheter un adapteur pour connecter avec une prise standard \u00e0 quatre fils. Comme la prise ronde \u00e9tait d\u00e9fectueuse, j&rsquo;ai plut\u00f4t choisi de mettre une prise plate \u00e0 quatre fils. Mais encore faut-il conna\u00eetre les codes de couleurs car les fils de la Trillium &hellip; <a href=\"https:\/\/www.marcbarriere.com\/?page_id=156\" class=\"more-link\">Continuer la lecture<span class=\"screen-reader-text\"> de &laquo;&nbsp;7- Fils, couleur et connecteurs&nbsp;&raquo;<\/span><\/a><\/p>\n","protected":false},"author":1,"featured_media":0,"parent":72,"menu_order":0,"comment_status":"open","ping_status":"closed","template":"","meta":{"ngg_post_thumbnail":0,"footnotes":""},"class_list":["post-156","page","type-page","status-publish","hentry"],"_links":{"self":[{"href":"https:\/\/www.marcbarriere.com\/index.php?rest_route=\/wp\/v2\/pages\/156","targetHints":{"allow":["GET"]}}],"collection":[{"href":"https:\/\/www.marcbarriere.com\/index.php?rest_route=\/wp\/v2\/pages"}],"about":[{"href":"https:\/\/www.marcbarriere.com\/index.php?rest_route=\/wp\/v2\/types\/page"}],"author":[{"embeddable":true,"href":"https:\/\/www.marcbarriere.com\/index.php?rest_route=\/wp\/v2\/users\/1"}],"replies":[{"embeddable":true,"href":"https:\/\/www.marcbarriere.com\/index.php?rest_route=%2Fwp%2Fv2%2Fcomments&post=156"}],"version-history":[{"count":0,"href":"https:\/\/www.marcbarriere.com\/index.php?rest_route=\/wp\/v2\/pages\/156\/revisions"}],"up":[{"embeddable":true,"href":"https:\/\/www.marcbarriere.com\/index.php?rest_route=\/wp\/v2\/pages\/72"}],"wp:attachment":[{"href":"https:\/\/www.marcbarriere.com\/index.php?rest_route=%2Fwp%2Fv2%2Fmedia&parent=156"}],"curies":[{"name":"wp","href":"https:\/\/api.w.org\/{rel}","templated":true}]}}