{"id":311,"date":"2007-05-08T21:04:32","date_gmt":"2007-05-09T02:04:32","guid":{"rendered":"http:\/\/www.marcbarriere.com\/?page_id=311"},"modified":"2012-09-03T18:26:10","modified_gmt":"2012-09-03T23:26:10","slug":"7-trucs-et-astuces","status":"publish","type":"page","link":"https:\/\/www.marcbarriere.com\/?page_id=311","title":{"rendered":"8- Trucs et astuces"},"content":{"rendered":"<p>1- Ceinturer la roulotte avec une longue courroie avec une attache (achet\u00e9e chez Mountain Equipment) permet d&rsquo;\u00e9viter de bien mauvaises surprises si la porte s&rsquo;ouvrait en chemin. \u00c7a m&rsquo;est arriv\u00e9 il y a deux ans sur une tr\u00e8s mauvaise route&#8230;<br \/>\n<a title=\"DSCN1293\" onclick=\"pp_image_popup('http:\/\/www.marcbarriere.com\/wp-content\/photos\/DSCN1293.JPG',600,449); return false;\" href=\"http:\/\/www.marcbarriere.com\/wp-content\/photos\/DSCN1293.JPG\"><img loading=\"lazy\" decoding=\"async\" class=\"pp_image\" src=\"http:\/\/www.marcbarriere.com\/wp-content\/photos\/p_DSCN1293.JPG\" alt=\"DSCN1293\" width=\"400\" height=\"299\" \/><\/a><\/p>\n<p>2- Cirer la fibre de verre de la roulotte avec de l&rsquo;Armor-All apr\u00e8s un nettoyage \u00e0 fond avec du Hertel, \u00c9conomique et tr\u00e8s efficace<\/p>\n<p>3- <a href=\"http:\/\/www.marcbarriere.com\/?page_id=1405\">Poser une serrure<\/a><\/p>\nngg_shortcode_0_placeholder\n<p>4- robinet de toilette<br \/>\n<a href=\"http:\/\/www.marcbarriere.com\/wp-content\/uploads\/20120903-16h11-2012-09-03-16.11.20-.jpg\"><img loading=\"lazy\" decoding=\"async\" src=\"http:\/\/www.marcbarriere.com\/wp-content\/uploads\/20120903-16h11-2012-09-03-16.11.20--300x168.jpg\" alt=\"\" title=\"20120903-16h11-2012-09-03 16.11.20-\" width=\"300\" height=\"168\" class=\"alignleft size-thumbnail wp-image-3547\" srcset=\"https:\/\/www.marcbarriere.com\/wp-content\/uploads\/20120903-16h11-2012-09-03-16.11.20--300x168.jpg 300w, https:\/\/www.marcbarriere.com\/wp-content\/uploads\/20120903-16h11-2012-09-03-16.11.20--600x337.jpg 600w, https:\/\/www.marcbarriere.com\/wp-content\/uploads\/20120903-16h11-2012-09-03-16.11.20--1024x576.jpg 1024w, https:\/\/www.marcbarriere.com\/wp-content\/uploads\/20120903-16h11-2012-09-03-16.11.20-.jpg 1800w\" sizes=\"auto, (max-width: 300px) 85vw, 300px\" \/><\/a><\/p>\n","protected":false},"excerpt":{"rendered":"<p>1- Ceinturer la roulotte avec une longue courroie avec une attache (achet\u00e9e chez Mountain Equipment) permet d&rsquo;\u00e9viter de bien mauvaises surprises si la porte s&rsquo;ouvrait en chemin. \u00c7a m&rsquo;est arriv\u00e9 il y a deux ans sur une tr\u00e8s mauvaise route&#8230; 2- Cirer la fibre de verre de la roulotte avec de l&rsquo;Armor-All apr\u00e8s un nettoyage &hellip; <a href=\"https:\/\/www.marcbarriere.com\/?page_id=311\" class=\"more-link\">Continuer la lecture<span class=\"screen-reader-text\"> de &laquo;&nbsp;8- Trucs et astuces&nbsp;&raquo;<\/span><\/a><\/p>\n","protected":false},"author":1,"featured_media":0,"parent":72,"menu_order":0,"comment_status":"open","ping_status":"closed","template":"","meta":{"ngg_post_thumbnail":0,"footnotes":""},"class_list":["post-311","page","type-page","status-publish","hentry"],"_links":{"self":[{"href":"https:\/\/www.marcbarriere.com\/index.php?rest_route=\/wp\/v2\/pages\/311","targetHints":{"allow":["GET"]}}],"collection":[{"href":"https:\/\/www.marcbarriere.com\/index.php?rest_route=\/wp\/v2\/pages"}],"about":[{"href":"https:\/\/www.marcbarriere.com\/index.php?rest_route=\/wp\/v2\/types\/page"}],"author":[{"embeddable":true,"href":"https:\/\/www.marcbarriere.com\/index.php?rest_route=\/wp\/v2\/users\/1"}],"replies":[{"embeddable":true,"href":"https:\/\/www.marcbarriere.com\/index.php?rest_route=%2Fwp%2Fv2%2Fcomments&post=311"}],"version-history":[{"count":0,"href":"https:\/\/www.marcbarriere.com\/index.php?rest_route=\/wp\/v2\/pages\/311\/revisions"}],"up":[{"embeddable":true,"href":"https:\/\/www.marcbarriere.com\/index.php?rest_route=\/wp\/v2\/pages\/72"}],"wp:attachment":[{"href":"https:\/\/www.marcbarriere.com\/index.php?rest_route=%2Fwp%2Fv2%2Fmedia&parent=311"}],"curies":[{"name":"wp","href":"https:\/\/api.w.org\/{rel}","templated":true}]}}