{"id":46,"date":"2005-03-11T21:41:01","date_gmt":"2005-03-12T02:41:01","guid":{"rendered":"http:\/\/www.barriere.info\/wordpress\/?page_id=46"},"modified":"2005-03-11T22:17:07","modified_gmt":"2005-03-12T03:17:07","slug":"riviere","status":"publish","type":"page","link":"https:\/\/www.marcbarriere.com\/?page_id=46","title":{"rendered":"Rivi\u00e8re"},"content":{"rendered":"<p>La rivi\u00e8re des Prairies offre des vues magnifiques. On se croirait loin, tr\u00e8s loin.<br \/>\n<img decoding=\"async\" src=\"http:\/\/www.barriere.info\/wordpress\/images\/patin.jpg\" alt=\"patin en famille\" \/><br \/>\nPatin en famille sur la rivi\u00e8re gel\u00e9e<\/p>\n<p><img decoding=\"async\" src=\"http:\/\/www.barriere.info\/wordpress\/images\/canard.jpg\" alt=\"les canards d'hiver\" \/><br \/>\nColonie de canards sur la glace<\/p>\n<p><img decoding=\"async\" src=\"http:\/\/www.barriere.info\/wordpress\/images\/pecher.jpg\" alt=\"p\u00eache sur la glace\" \/><br \/>\nOn troue la glace pour la p\u00eache blanche<\/p>\n<p><img decoding=\"async\" src=\"http:\/\/www.barriere.info\/wordpress\/images\/soleil.JPG\" alt=\"le soleil couchant\" \/><br \/>\nSoleil d&rsquo;hiver<\/p>\n<li><em>f\u00e9vrier\/mars 2005<\/em><\/li>\n","protected":false},"excerpt":{"rendered":"<p>La rivi\u00e8re des Prairies offre des vues magnifiques. On se croirait loin, tr\u00e8s loin. Patin en famille sur la rivi\u00e8re gel\u00e9e Colonie de canards sur la glace On troue la glace pour la p\u00eache blanche Soleil d&rsquo;hiver f\u00e9vrier\/mars 2005<\/p>\n","protected":false},"author":1,"featured_media":0,"parent":0,"menu_order":0,"comment_status":"open","ping_status":"closed","template":"","meta":{"ngg_post_thumbnail":0,"footnotes":""},"class_list":["post-46","page","type-page","status-publish","hentry"],"_links":{"self":[{"href":"https:\/\/www.marcbarriere.com\/index.php?rest_route=\/wp\/v2\/pages\/46","targetHints":{"allow":["GET"]}}],"collection":[{"href":"https:\/\/www.marcbarriere.com\/index.php?rest_route=\/wp\/v2\/pages"}],"about":[{"href":"https:\/\/www.marcbarriere.com\/index.php?rest_route=\/wp\/v2\/types\/page"}],"author":[{"embeddable":true,"href":"https:\/\/www.marcbarriere.com\/index.php?rest_route=\/wp\/v2\/users\/1"}],"replies":[{"embeddable":true,"href":"https:\/\/www.marcbarriere.com\/index.php?rest_route=%2Fwp%2Fv2%2Fcomments&post=46"}],"version-history":[{"count":0,"href":"https:\/\/www.marcbarriere.com\/index.php?rest_route=\/wp\/v2\/pages\/46\/revisions"}],"wp:attachment":[{"href":"https:\/\/www.marcbarriere.com\/index.php?rest_route=%2Fwp%2Fv2%2Fmedia&parent=46"}],"curies":[{"name":"wp","href":"https:\/\/api.w.org\/{rel}","templated":true}]}}