{"id":89,"date":"2005-08-01T13:55:10","date_gmt":"2005-08-01T18:55:10","guid":{"rendered":"http:\/\/www.barriere.info\/wordpress\/?page_id=89"},"modified":"2012-05-15T07:48:06","modified_gmt":"2012-05-15T12:48:06","slug":"premier-voyage","status":"publish","type":"page","link":"https:\/\/www.marcbarriere.com\/?page_id=89","title":{"rendered":"5- Premier voyage"},"content":{"rendered":"<p>Partons vers Ogunquit. Tout est pr\u00eat. On se revoit au <a href=\"http:\/\/www.dixonscampground.com\/\">Dixon&rsquo;s<\/a>.<br \/>\n<a href=\"http:\/\/www.marcbarriere.com\/wp-content\/photos\/PDR_2327b.JPG\" target=\"_blank\" title=\"PDR 2327b\"><img loading=\"lazy\" decoding=\"async\" class=\"centered\" src=\"http:\/\/www.marcbarriere.com\/wp-content\/photos\/petite_PDR_2327b.JPG\" width=\"400\" height=\"257\" alt=\"PDR 2327b\" \/><\/a><br \/>\n<a href=\"http:\/\/www.marcbarriere.com\/wp-content\/photos\/PDR_2331.JPG\" title=\"PDR 2331\" target=\"_blank\"><img loading=\"lazy\" decoding=\"async\" src=\"http:\/\/www.marcbarriere.com\/wp-content\/photos\/petite_PDR_2331.JPG\" width=\"400\" height=\"300\" alt=\"PDR 2331\" class=\"centered\" \/><\/a><br \/>\nLa voiture et la roulotte ont fait bonne \u00e9quipe.<br \/>\nLa consommation moyenne de la Uplander 2005 est pass\u00e9e de 12.5 l\/100km \u00e0 19.1 l \/ 100km.<br \/>\n<a href=\"http:\/\/www.marcbarriere.com\/wp-content\/photos\/PDR_2351.JPG\" title=\"PDR 2351\" target=\"_blank\"><img loading=\"lazy\" decoding=\"async\" src=\"http:\/\/www.marcbarriere.com\/wp-content\/photos\/petite_PDR_2351.JPG\" width=\"400\" height=\"300\" alt=\"PDR 2351\" class=\"centered\" \/><\/a><br \/>\nArriv\u00e9s au Dixon&rsquo;s nous avions un site de choix dans les arbres.<br \/>\n<a href=\"http:\/\/www.marcbarriere.com\/wp-content\/photos\/PDR_2517.JPG\" title=\"PDR 2517\" target=\"_blank\"><img loading=\"lazy\" decoding=\"async\" src=\"http:\/\/www.marcbarriere.com\/wp-content\/photos\/petite_PDR_2517.JPG\" width=\"400\" height=\"300\" alt=\"PDR 2517\" class=\"centered\" \/><\/a><br \/>\nPuis apr\u00e8s une semaine avons d\u00e9m\u00e9nag\u00e9 dans une site plus ouvert, pr\u00e8s de la piscine<\/p>\n","protected":false},"excerpt":{"rendered":"<p>Partons vers Ogunquit. Tout est pr\u00eat. On se revoit au Dixon&rsquo;s. La voiture et la roulotte ont fait bonne \u00e9quipe. La consommation moyenne de la Uplander 2005 est pass\u00e9e de 12.5 l\/100km \u00e0 19.1 l \/ 100km. Arriv\u00e9s au Dixon&rsquo;s nous avions un site de choix dans les arbres. Puis apr\u00e8s une semaine avons d\u00e9m\u00e9nag\u00e9 &hellip; <a href=\"https:\/\/www.marcbarriere.com\/?page_id=89\" class=\"more-link\">Continuer la lecture<span class=\"screen-reader-text\"> de &laquo;&nbsp;5- Premier voyage&nbsp;&raquo;<\/span><\/a><\/p>\n","protected":false},"author":1,"featured_media":0,"parent":72,"menu_order":0,"comment_status":"open","ping_status":"closed","template":"","meta":{"ngg_post_thumbnail":0,"footnotes":""},"class_list":["post-89","page","type-page","status-publish","hentry"],"_links":{"self":[{"href":"https:\/\/www.marcbarriere.com\/index.php?rest_route=\/wp\/v2\/pages\/89","targetHints":{"allow":["GET"]}}],"collection":[{"href":"https:\/\/www.marcbarriere.com\/index.php?rest_route=\/wp\/v2\/pages"}],"about":[{"href":"https:\/\/www.marcbarriere.com\/index.php?rest_route=\/wp\/v2\/types\/page"}],"author":[{"embeddable":true,"href":"https:\/\/www.marcbarriere.com\/index.php?rest_route=\/wp\/v2\/users\/1"}],"replies":[{"embeddable":true,"href":"https:\/\/www.marcbarriere.com\/index.php?rest_route=%2Fwp%2Fv2%2Fcomments&post=89"}],"version-history":[{"count":0,"href":"https:\/\/www.marcbarriere.com\/index.php?rest_route=\/wp\/v2\/pages\/89\/revisions"}],"up":[{"embeddable":true,"href":"https:\/\/www.marcbarriere.com\/index.php?rest_route=\/wp\/v2\/pages\/72"}],"wp:attachment":[{"href":"https:\/\/www.marcbarriere.com\/index.php?rest_route=%2Fwp%2Fv2%2Fmedia&parent=89"}],"curies":[{"name":"wp","href":"https:\/\/api.w.org\/{rel}","templated":true}]}}